{"id":1544,"date":"2025-06-01T22:45:27","date_gmt":"2025-06-01T20:45:27","guid":{"rendered":"https:\/\/xn--zribarberandbeauty-m6b.com\/?post_type=product&#038;p=1544"},"modified":"2026-03-30T03:20:54","modified_gmt":"2026-03-30T01:20:54","slug":"sheen-spray-copy","status":"publish","type":"product","link":"https:\/\/xn--zribarberandbeauty-m6b.com\/index.php\/product\/sheen-spray-copy\/","title":{"rendered":"Cologne (Baccarat Rouge)"},"content":{"rendered":"","protected":false},"excerpt":{"rendered":"<p>Immortal NYC Reserve 01 Eau de Cologne \u2013 100ml<\/p>\n<p>Ein eleganter, holzig-ambrierter Duft, inspiriert von Baccarat Rouge 540. Die Komposition beginnt mit einem frischen Auftakt aus Orange, Tannenbalsam und Tagetes. Im Herzen entfalten sich blumige Noten von Jasmin und Safran, begleitet von Zedernholz. Die Basisnote besteht aus Eichenmoos, Ambergris und einer leichten S\u00fc\u00dfe von Zucker, die dem Duft Tiefe und W\u00e4rme verleiht. Ideal f\u00fcr den t\u00e4glichen Gebrauch sowie besondere Anl\u00e4sse. \ufffc<\/p>\n","protected":false},"featured_media":1519,"comment_status":"open","ping_status":"closed","template":"","meta":[],"product_brand":[],"product_cat":[18],"product_tag":[],"class_list":{"0":"post-1544","1":"product","2":"type-product","3":"status-publish","4":"has-post-thumbnail","6":"product_cat-uncategorized","8":"first","9":"instock","10":"virtual","11":"purchasable","12":"product-type-simple"},"_links":{"self":[{"href":"https:\/\/xn--zribarberandbeauty-m6b.com\/index.php\/wp-json\/wp\/v2\/product\/1544","targetHints":{"allow":["GET"]}}],"collection":[{"href":"https:\/\/xn--zribarberandbeauty-m6b.com\/index.php\/wp-json\/wp\/v2\/product"}],"about":[{"href":"https:\/\/xn--zribarberandbeauty-m6b.com\/index.php\/wp-json\/wp\/v2\/types\/product"}],"replies":[{"embeddable":true,"href":"https:\/\/xn--zribarberandbeauty-m6b.com\/index.php\/wp-json\/wp\/v2\/comments?post=1544"}],"wp:featuredmedia":[{"embeddable":true,"href":"https:\/\/xn--zribarberandbeauty-m6b.com\/index.php\/wp-json\/wp\/v2\/media\/1519"}],"wp:attachment":[{"href":"https:\/\/xn--zribarberandbeauty-m6b.com\/index.php\/wp-json\/wp\/v2\/media?parent=1544"}],"wp:term":[{"taxonomy":"product_brand","embeddable":true,"href":"https:\/\/xn--zribarberandbeauty-m6b.com\/index.php\/wp-json\/wp\/v2\/product_brand?post=1544"},{"taxonomy":"product_cat","embeddable":true,"href":"https:\/\/xn--zribarberandbeauty-m6b.com\/index.php\/wp-json\/wp\/v2\/product_cat?post=1544"},{"taxonomy":"product_tag","embeddable":true,"href":"https:\/\/xn--zribarberandbeauty-m6b.com\/index.php\/wp-json\/wp\/v2\/product_tag?post=1544"}],"curies":[{"name":"wp","href":"https:\/\/api.w.org\/{rel}","templated":true}]}}