{"id":1468,"date":"2025-05-31T00:07:06","date_gmt":"2025-05-30T22:07:06","guid":{"rendered":"https:\/\/xn--zribarberandbeauty-m6b.com\/?post_type=product&#038;p=1468"},"modified":"2026-03-28T03:02:22","modified_gmt":"2026-03-28T02:02:22","slug":"grey-metal-barbierstuhl","status":"publish","type":"product","link":"https:\/\/xn--zribarberandbeauty-m6b.com\/index.php\/product\/grey-metal-barbierstuhl\/","title":{"rendered":"Grey Metal Barbierstuhl"},"content":{"rendered":"","protected":false},"excerpt":{"rendered":"<p data-start=\"163\" data-end=\"501\">Der <strong data-start=\"194\" data-end=\"221\">Grey Metal Barbierstuhl<\/strong> bringt minimalistischen Stil in dein Studio \u2013 modern, schlicht und elegant. Mit seinem schwarzen Bezug, kombiniert mit grauen Metallelementen, wirkt dieser Stuhl besonders clean und professionell. Ideal f\u00fcr moderne Barbershops, die auf klare Linien und dezente Raffinesse setzen.<\/p>\n<p data-start=\"503\" data-end=\"754\">Trotz seines leichten Gewichts ist der Stuhl extrem robust und f\u00fcr intensive Nutzung gebaut. Die ergonomische R\u00fcckenlehne, die neigbare Sitzfl\u00e4che und die h\u00f6henverstellbare Hydraulik machen ihn zu einem komfortablen Allrounder f\u00fcr jeden Barber-Alltag.<\/p>\n<p data-start=\"756\" data-end=\"771\"><strong data-start=\"756\" data-end=\"771\">Highlights:<\/strong><\/p>\n<ul data-start=\"772\" data-end=\"992\">\n<li data-start=\"772\" data-end=\"811\">\n<p data-start=\"774\" data-end=\"811\">Schlichtes Design in Schwarz &amp; Grau<\/p>\n<\/li>\n<li data-start=\"812\" data-end=\"861\">\n<p data-start=\"814\" data-end=\"861\">Stabile Metallstruktur \u2013 belastbar bis 180\u202fkg<\/p>\n<\/li>\n<li data-start=\"862\" data-end=\"908\">\n<p data-start=\"864\" data-end=\"908\">Premium-Hydrauliksystem (h\u00f6henverstellbar)<\/p>\n<\/li>\n<li data-start=\"909\" data-end=\"945\">\n<p data-start=\"911\" data-end=\"945\">Vollst\u00e4ndig neigbare R\u00fcckenlehne<\/p>\n<\/li>\n<li data-start=\"946\" data-end=\"992\">\n<p data-start=\"948\" data-end=\"992\">Ideal f\u00fcr pr\u00e4zises Arbeiten &amp; moderne Salons<\/p>\n<\/li>\n<\/ul>\n","protected":false},"featured_media":1461,"comment_status":"open","ping_status":"closed","template":"","meta":[],"product_brand":[],"product_cat":[18],"product_tag":[],"class_list":{"0":"post-1468","1":"product","2":"type-product","3":"status-publish","4":"has-post-thumbnail","6":"product_cat-uncategorized","8":"first","9":"instock","10":"sale","11":"virtual","12":"purchasable","13":"product-type-simple"},"_links":{"self":[{"href":"https:\/\/xn--zribarberandbeauty-m6b.com\/index.php\/wp-json\/wp\/v2\/product\/1468","targetHints":{"allow":["GET"]}}],"collection":[{"href":"https:\/\/xn--zribarberandbeauty-m6b.com\/index.php\/wp-json\/wp\/v2\/product"}],"about":[{"href":"https:\/\/xn--zribarberandbeauty-m6b.com\/index.php\/wp-json\/wp\/v2\/types\/product"}],"replies":[{"embeddable":true,"href":"https:\/\/xn--zribarberandbeauty-m6b.com\/index.php\/wp-json\/wp\/v2\/comments?post=1468"}],"wp:featuredmedia":[{"embeddable":true,"href":"https:\/\/xn--zribarberandbeauty-m6b.com\/index.php\/wp-json\/wp\/v2\/media\/1461"}],"wp:attachment":[{"href":"https:\/\/xn--zribarberandbeauty-m6b.com\/index.php\/wp-json\/wp\/v2\/media?parent=1468"}],"wp:term":[{"taxonomy":"product_brand","embeddable":true,"href":"https:\/\/xn--zribarberandbeauty-m6b.com\/index.php\/wp-json\/wp\/v2\/product_brand?post=1468"},{"taxonomy":"product_cat","embeddable":true,"href":"https:\/\/xn--zribarberandbeauty-m6b.com\/index.php\/wp-json\/wp\/v2\/product_cat?post=1468"},{"taxonomy":"product_tag","embeddable":true,"href":"https:\/\/xn--zribarberandbeauty-m6b.com\/index.php\/wp-json\/wp\/v2\/product_tag?post=1468"}],"curies":[{"name":"wp","href":"https:\/\/api.w.org\/{rel}","templated":true}]}}