{"id":1452,"date":"2025-05-30T22:41:14","date_gmt":"2025-05-30T20:41:14","guid":{"rendered":"https:\/\/xn--zribarberandbeauty-m6b.com\/?post_type=product&#038;p=1452"},"modified":"2026-03-28T03:01:41","modified_gmt":"2026-03-28T02:01:41","slug":"premium-barbierstuhl","status":"publish","type":"product","link":"https:\/\/xn--zribarberandbeauty-m6b.com\/index.php\/product\/premium-barbierstuhl\/","title":{"rendered":"Premium Barbierstuhl"},"content":{"rendered":"","protected":false},"excerpt":{"rendered":"<p data-start=\"129\" data-end=\"177\"><strong data-start=\"129\" data-end=\"177\">BarberKing Gold Matte \u2013 Premium Barbierstuhl<\/strong><\/p>\n<p data-start=\"179\" data-end=\"531\"><strong data-start=\"179\" data-end=\"203\">Produktbeschreibung:<\/strong><br data-start=\"203\" data-end=\"206\" \/>Der <strong data-start=\"210\" data-end=\"235\">BarberKing Gold Matte<\/strong> ist der Inbegriff von Luxus, Stabilit\u00e4t und Vintage-Charme \u2013 ein echter K\u00f6nig unter den Barbierst\u00fchlen. Mit seiner massiven Metallstruktur in edlem Gold-Matt-Finish und der hochwertigen Polsterung aus Echtleder vereint er Funktionalit\u00e4t mit einem einzigartigen Design, das sofort ins Auge f\u00e4llt.<\/p>\n<p data-start=\"533\" data-end=\"818\">Dank seiner ergonomischen Form, der verstellbaren R\u00fcckenlehne und Beinauflage sowie seiner 360\u00b0-Drehbarkeit bietet dieser Stuhl maximalen Komfort f\u00fcr Kunden und Barbiere. Die perfekte Wahl f\u00fcr Salons, die ein klares Statement setzen m\u00f6chten \u2013 stilvoll, professionell und unvergesslich.<\/p>\n<p data-start=\"820\" data-end=\"835\"><strong data-start=\"820\" data-end=\"835\">Highlights:<\/strong><\/p>\n<ul data-start=\"836\" data-end=\"1074\">\n<li data-start=\"836\" data-end=\"893\">\n<p data-start=\"838\" data-end=\"893\">Hochwertige Metallstruktur mit gold-matter Oberfl\u00e4che<\/p>\n<\/li>\n<li data-start=\"894\" data-end=\"938\">\n<p data-start=\"896\" data-end=\"938\">Echtes Leder f\u00fcr ultimativen Sitzkomfort<\/p>\n<\/li>\n<li data-start=\"939\" data-end=\"988\">\n<p data-start=\"941\" data-end=\"988\">Verstellbare R\u00fcckenlehne, Kopf- &amp; Beinauflage<\/p>\n<\/li>\n<li data-start=\"989\" data-end=\"1039\">\n<p data-start=\"991\" data-end=\"1039\">Retro-inspiriertes Design mit moderner Technik<\/p>\n<\/li>\n<li data-start=\"1040\" data-end=\"1074\">\n<p data-start=\"1042\" data-end=\"1074\">360\u00b0 drehbar, robust &amp; langlebig<\/p>\n<\/li>\n<\/ul>\n","protected":false},"featured_media":1459,"comment_status":"open","ping_status":"closed","template":"","meta":[],"product_brand":[],"product_cat":[18],"product_tag":[],"class_list":{"0":"post-1452","1":"product","2":"type-product","3":"status-publish","4":"has-post-thumbnail","6":"product_cat-uncategorized","8":"first","9":"instock","10":"sale","11":"virtual","12":"purchasable","13":"product-type-simple"},"_links":{"self":[{"href":"https:\/\/xn--zribarberandbeauty-m6b.com\/index.php\/wp-json\/wp\/v2\/product\/1452","targetHints":{"allow":["GET"]}}],"collection":[{"href":"https:\/\/xn--zribarberandbeauty-m6b.com\/index.php\/wp-json\/wp\/v2\/product"}],"about":[{"href":"https:\/\/xn--zribarberandbeauty-m6b.com\/index.php\/wp-json\/wp\/v2\/types\/product"}],"replies":[{"embeddable":true,"href":"https:\/\/xn--zribarberandbeauty-m6b.com\/index.php\/wp-json\/wp\/v2\/comments?post=1452"}],"wp:featuredmedia":[{"embeddable":true,"href":"https:\/\/xn--zribarberandbeauty-m6b.com\/index.php\/wp-json\/wp\/v2\/media\/1459"}],"wp:attachment":[{"href":"https:\/\/xn--zribarberandbeauty-m6b.com\/index.php\/wp-json\/wp\/v2\/media?parent=1452"}],"wp:term":[{"taxonomy":"product_brand","embeddable":true,"href":"https:\/\/xn--zribarberandbeauty-m6b.com\/index.php\/wp-json\/wp\/v2\/product_brand?post=1452"},{"taxonomy":"product_cat","embeddable":true,"href":"https:\/\/xn--zribarberandbeauty-m6b.com\/index.php\/wp-json\/wp\/v2\/product_cat?post=1452"},{"taxonomy":"product_tag","embeddable":true,"href":"https:\/\/xn--zribarberandbeauty-m6b.com\/index.php\/wp-json\/wp\/v2\/product_tag?post=1452"}],"curies":[{"name":"wp","href":"https:\/\/api.w.org\/{rel}","templated":true}]}}