{"id":1451,"date":"2025-05-30T22:38:41","date_gmt":"2025-05-30T20:38:41","guid":{"rendered":"https:\/\/xn--zribarberandbeauty-m6b.com\/?post_type=product&#038;p=1451"},"modified":"2026-03-28T03:00:10","modified_gmt":"2026-03-28T02:00:10","slug":"waschsitz","status":"publish","type":"product","link":"https:\/\/xn--zribarberandbeauty-m6b.com\/index.php\/product\/waschsitz\/","title":{"rendered":"Waschsitz"},"content":{"rendered":"","protected":false},"excerpt":{"rendered":"<p data-start=\"190\" data-end=\"238\"><strong data-start=\"190\" data-end=\"238\">Premium Waschplatz (Black | Gold)<\/strong><\/p>\n<p data-start=\"240\" data-end=\"477\"><strong data-start=\"240\" data-end=\"264\">Produktbeschreibung:<\/strong><br data-start=\"264\" data-end=\"267\" \/>Der <strong data-start=\"271\" data-end=\"294\">Napoleon Waschplatz<\/strong> ist die perfekte Kombination aus Luxus, Komfort und Funktionalit\u00e4t \u2013 ideal f\u00fcr moderne Salons, die Wert auf Stil und Qualit\u00e4t legen. W\u00e4hle zwischen zwei eindrucksvollen Ausf\u00fchrungen:<\/p>\n<ul data-start=\"479\" data-end=\"712\">\n<li data-start=\"479\" data-end=\"597\">\n<p data-start=\"481\" data-end=\"597\"><strong data-start=\"481\" data-end=\"499\">Napoleon Black<\/strong> \u2013 Zeitlos elegant, komplett in edlem Schwarz. F\u00fcr ein minimalistisches, professionelles Ambiente.<\/p>\n<\/li>\n<li data-start=\"598\" data-end=\"712\">\n<p data-start=\"600\" data-end=\"712\"><strong data-start=\"600\" data-end=\"617\">Napoleon Gold<\/strong> \u2013 Luxuri\u00f6s und auff\u00e4llig, mit goldenen Akzenten f\u00fcr einen extravaganten Look, der beeindruckt.<\/p>\n<\/li>\n<\/ul>\n<p data-start=\"714\" data-end=\"1028\">Beide Varianten bieten h\u00f6chsten Komfort f\u00fcr deine Kundschaft dank gepolsterter Sitzfl\u00e4che, verstellbarer Beinauflage und ergonomischem Design. Die hochwertige Verarbeitung sorgt f\u00fcr Langlebigkeit im t\u00e4glichen Einsatz. Ob klassisch oder extravagant \u2013 der <strong data-start=\"968\" data-end=\"991\">Napoleon Waschplatz<\/strong> bringt Exklusivit\u00e4t in deinen Salon.<\/p>\n<p data-start=\"1030\" data-end=\"1045\"><strong data-start=\"1030\" data-end=\"1045\">Highlights:<\/strong><\/p>\n<ul data-start=\"1046\" data-end=\"1238\">\n<li data-start=\"1046\" data-end=\"1093\">\n<p data-start=\"1048\" data-end=\"1093\">Premium-Design in Schwarz oder Schwarz-Gold<\/p>\n<\/li>\n<li data-start=\"1094\" data-end=\"1153\">\n<p data-start=\"1096\" data-end=\"1153\">Ergonomischer Komfortsitz mit verstellbarer Beinauflage<\/p>\n<\/li>\n<li data-start=\"1154\" data-end=\"1199\">\n<p data-start=\"1156\" data-end=\"1199\">Robuste Bauweise &amp; langlebige Materialien<\/p>\n<\/li>\n<li data-start=\"1200\" data-end=\"1238\">\n<p data-start=\"1202\" data-end=\"1238\">Eyecatcher f\u00fcr anspruchsvolle Salons<\/p>\n<\/li>\n<\/ul>\n","protected":false},"featured_media":1447,"comment_status":"open","ping_status":"closed","template":"","meta":[],"product_brand":[],"product_cat":[18],"product_tag":[],"class_list":{"0":"post-1451","1":"product","2":"type-product","3":"status-publish","4":"has-post-thumbnail","6":"product_cat-uncategorized","8":"first","9":"instock","10":"sale","11":"virtual","12":"purchasable","13":"product-type-simple"},"_links":{"self":[{"href":"https:\/\/xn--zribarberandbeauty-m6b.com\/index.php\/wp-json\/wp\/v2\/product\/1451","targetHints":{"allow":["GET"]}}],"collection":[{"href":"https:\/\/xn--zribarberandbeauty-m6b.com\/index.php\/wp-json\/wp\/v2\/product"}],"about":[{"href":"https:\/\/xn--zribarberandbeauty-m6b.com\/index.php\/wp-json\/wp\/v2\/types\/product"}],"replies":[{"embeddable":true,"href":"https:\/\/xn--zribarberandbeauty-m6b.com\/index.php\/wp-json\/wp\/v2\/comments?post=1451"}],"wp:featuredmedia":[{"embeddable":true,"href":"https:\/\/xn--zribarberandbeauty-m6b.com\/index.php\/wp-json\/wp\/v2\/media\/1447"}],"wp:attachment":[{"href":"https:\/\/xn--zribarberandbeauty-m6b.com\/index.php\/wp-json\/wp\/v2\/media?parent=1451"}],"wp:term":[{"taxonomy":"product_brand","embeddable":true,"href":"https:\/\/xn--zribarberandbeauty-m6b.com\/index.php\/wp-json\/wp\/v2\/product_brand?post=1451"},{"taxonomy":"product_cat","embeddable":true,"href":"https:\/\/xn--zribarberandbeauty-m6b.com\/index.php\/wp-json\/wp\/v2\/product_cat?post=1451"},{"taxonomy":"product_tag","embeddable":true,"href":"https:\/\/xn--zribarberandbeauty-m6b.com\/index.php\/wp-json\/wp\/v2\/product_tag?post=1451"}],"curies":[{"name":"wp","href":"https:\/\/api.w.org\/{rel}","templated":true}]}}