{"id":1450,"date":"2025-05-30T22:36:50","date_gmt":"2025-05-30T20:36:50","guid":{"rendered":"https:\/\/xn--zribarberandbeauty-m6b.com\/?post_type=product&#038;p=1450"},"modified":"2026-03-28T03:01:13","modified_gmt":"2026-03-28T02:01:13","slug":"zuri-reception-big-small-counter","status":"publish","type":"product","link":"https:\/\/xn--zribarberandbeauty-m6b.com\/index.php\/product\/zuri-reception-big-small-counter\/","title":{"rendered":"Big Small Counter"},"content":{"rendered":"","protected":false},"excerpt":{"rendered":"<p data-start=\"61\" data-end=\"301\">Der <strong data-start=\"92\" data-end=\"130\">Z\u00fcri Reception \u2013 Big Small Counter<\/strong> vereint grossz\u00fcgigen Stauraum mit elegantem Design \u2013 die perfekte Wahl f\u00fcr alle, die ihren Empfangsbereich optisch aufwerten und gleichzeitig funktional gestalten wollen.<\/p>\n<p data-start=\"303\" data-end=\"691\">Mit seinem hochwertigen Korpus in mattem Schwarz, dem stilvollen Frontpanel und Sockel in Betonoptik sowie abgerundeten PVC-Kanten, setzt der Tresen moderne Akzente in jedem Salon. Dank der robusten Bauweise und durchdachten Details wie einem abschliessbaren Schubladensystem, einem Tastaturauszug und einem cleveren Kabelmanagement bleibt der Arbeitsplatz stets aufger\u00e4umt und effizient.<\/p>\n<p data-start=\"693\" data-end=\"816\">Ideal f\u00fcr gr\u00f6ssere Empfangsfl\u00e4chen oder f\u00fcr alle, die schon beim ersten Kundenkontakt ein starkes Statement setzen m\u00f6chten.<\/p>\n<p data-start=\"818\" data-end=\"851\"><strong data-start=\"818\" data-end=\"851\">Kurzvorteile auf einen Blick:<\/strong><\/p>\n<ul data-start=\"852\" data-end=\"1093\">\n<li data-start=\"852\" data-end=\"902\">\n<p data-start=\"854\" data-end=\"902\">Breitere Arbeitsfl\u00e4che mit zus\u00e4tzlichem Stauraum<\/p>\n<\/li>\n<li data-start=\"903\" data-end=\"960\">\n<p data-start=\"905\" data-end=\"960\">Eleganter Look mit Beton-Optik und stabiler Bodenplatte<\/p>\n<\/li>\n<li data-start=\"961\" data-end=\"1004\">\n<p data-start=\"963\" data-end=\"1004\">Abschliessbare Schublade &amp; Tastaturauszug<\/p>\n<\/li>\n<li data-start=\"1005\" data-end=\"1041\">\n<p data-start=\"1007\" data-end=\"1041\">Integriertes Kabelmanagementsystem<\/p>\n<\/li>\n<li data-start=\"1042\" data-end=\"1093\">\n<p data-start=\"1044\" data-end=\"1093\">Premium-Verarbeitung f\u00fcr professionelle Anspr\u00fcche<\/p>\n<\/li>\n<\/ul>\n","protected":false},"featured_media":1446,"comment_status":"open","ping_status":"closed","template":"","meta":[],"product_brand":[],"product_cat":[18],"product_tag":[],"class_list":{"0":"post-1450","1":"product","2":"type-product","3":"status-publish","4":"has-post-thumbnail","6":"product_cat-uncategorized","8":"first","9":"outofstock","10":"sale","11":"virtual","12":"purchasable","13":"product-type-simple"},"_links":{"self":[{"href":"https:\/\/xn--zribarberandbeauty-m6b.com\/index.php\/wp-json\/wp\/v2\/product\/1450","targetHints":{"allow":["GET"]}}],"collection":[{"href":"https:\/\/xn--zribarberandbeauty-m6b.com\/index.php\/wp-json\/wp\/v2\/product"}],"about":[{"href":"https:\/\/xn--zribarberandbeauty-m6b.com\/index.php\/wp-json\/wp\/v2\/types\/product"}],"replies":[{"embeddable":true,"href":"https:\/\/xn--zribarberandbeauty-m6b.com\/index.php\/wp-json\/wp\/v2\/comments?post=1450"}],"wp:featuredmedia":[{"embeddable":true,"href":"https:\/\/xn--zribarberandbeauty-m6b.com\/index.php\/wp-json\/wp\/v2\/media\/1446"}],"wp:attachment":[{"href":"https:\/\/xn--zribarberandbeauty-m6b.com\/index.php\/wp-json\/wp\/v2\/media?parent=1450"}],"wp:term":[{"taxonomy":"product_brand","embeddable":true,"href":"https:\/\/xn--zribarberandbeauty-m6b.com\/index.php\/wp-json\/wp\/v2\/product_brand?post=1450"},{"taxonomy":"product_cat","embeddable":true,"href":"https:\/\/xn--zribarberandbeauty-m6b.com\/index.php\/wp-json\/wp\/v2\/product_cat?post=1450"},{"taxonomy":"product_tag","embeddable":true,"href":"https:\/\/xn--zribarberandbeauty-m6b.com\/index.php\/wp-json\/wp\/v2\/product_tag?post=1450"}],"curies":[{"name":"wp","href":"https:\/\/api.w.org\/{rel}","templated":true}]}}