{"id":1441,"date":"2025-05-30T22:32:00","date_gmt":"2025-05-30T20:32:00","guid":{"rendered":"https:\/\/xn--zribarberandbeauty-m6b.com\/?post_type=product&#038;p=1441"},"modified":"2026-03-28T03:01:04","modified_gmt":"2026-03-28T02:01:04","slug":"zuri-reception-small-counter","status":"publish","type":"product","link":"https:\/\/xn--zribarberandbeauty-m6b.com\/index.php\/product\/zuri-reception-small-counter\/","title":{"rendered":"Small Counter"},"content":{"rendered":"","protected":false},"excerpt":{"rendered":"<p data-start=\"57\" data-end=\"367\">Der <strong data-start=\"88\" data-end=\"122\">Z\u00fcri Reception \u2013 Small Counter<\/strong> ist mehr als nur ein Empfangstresen \u2013 er ist die perfekte Kombination aus Funktionalit\u00e4t, Stil und Platzersparnis. Ideal f\u00fcr Salons mit begrenztem Raum, \u00fcberzeugt dieser kompakte Tresen durch sein modernes Design und seine durchdachten Details.<\/p>\n<p data-start=\"369\" data-end=\"778\">Gefertigt aus hochwertigem, melaminbeschichtetem Holz in elegantem Schwarz und mit einer stilvollen Front in Betonoptik, sorgt der Tresen f\u00fcr einen professionellen ersten Eindruck. Die abgerundeten PVC-Kanten bieten Sicherheit und Langlebigkeit, w\u00e4hrend der abschliessbare Schubladenschrank sowie die Tastaturauszugplatte und das integrierte Kabelmanagement Ordnung und Effizienz im Arbeitsalltag garantieren.<\/p>\n<p data-start=\"780\" data-end=\"962\">Ob Beauty-Salon, Barbershop oder Empfangsbereich \u2013 der <strong data-start=\"835\" data-end=\"869\">Z\u00fcri Reception \u2013 Small Counter<\/strong> ist die optimale L\u00f6sung f\u00fcr alle, die Stil, Komfort und Funktion in einem M\u00f6belst\u00fcck suchen.<\/p>\n<p data-start=\"964\" data-end=\"997\"><strong data-start=\"964\" data-end=\"997\">Kurzvorteile auf einen Blick:<\/strong><\/p>\n<ul data-start=\"998\" data-end=\"1179\">\n<li data-start=\"998\" data-end=\"1033\">\n<p data-start=\"1000\" data-end=\"1033\">Kompaktes Design f\u00fcr kleine R\u00e4ume<\/p>\n<\/li>\n<li data-start=\"1034\" data-end=\"1075\">\n<p data-start=\"1036\" data-end=\"1075\">Elegante Beton-Optik mit mattem Schwarz<\/p>\n<\/li>\n<li data-start=\"1076\" data-end=\"1119\">\n<p data-start=\"1078\" data-end=\"1119\">Abschliessbare Schublade &amp; Tastaturauszug<\/p>\n<\/li>\n<li data-start=\"1120\" data-end=\"1150\">\n<p data-start=\"1122\" data-end=\"1150\">Integriertes Kabelmanagement<\/p>\n<\/li>\n<li data-start=\"1151\" data-end=\"1179\">\n<p data-start=\"1153\" data-end=\"1179\">Robust, modern &amp; langlebig<\/p>\n<\/li>\n<\/ul>\n","protected":false},"featured_media":1444,"comment_status":"open","ping_status":"closed","template":"","meta":[],"product_brand":[],"product_cat":[18],"product_tag":[],"class_list":{"0":"post-1441","1":"product","2":"type-product","3":"status-publish","4":"has-post-thumbnail","6":"product_cat-uncategorized","8":"first","9":"outofstock","10":"sale","11":"virtual","12":"purchasable","13":"product-type-simple"},"_links":{"self":[{"href":"https:\/\/xn--zribarberandbeauty-m6b.com\/index.php\/wp-json\/wp\/v2\/product\/1441","targetHints":{"allow":["GET"]}}],"collection":[{"href":"https:\/\/xn--zribarberandbeauty-m6b.com\/index.php\/wp-json\/wp\/v2\/product"}],"about":[{"href":"https:\/\/xn--zribarberandbeauty-m6b.com\/index.php\/wp-json\/wp\/v2\/types\/product"}],"replies":[{"embeddable":true,"href":"https:\/\/xn--zribarberandbeauty-m6b.com\/index.php\/wp-json\/wp\/v2\/comments?post=1441"}],"wp:featuredmedia":[{"embeddable":true,"href":"https:\/\/xn--zribarberandbeauty-m6b.com\/index.php\/wp-json\/wp\/v2\/media\/1444"}],"wp:attachment":[{"href":"https:\/\/xn--zribarberandbeauty-m6b.com\/index.php\/wp-json\/wp\/v2\/media?parent=1441"}],"wp:term":[{"taxonomy":"product_brand","embeddable":true,"href":"https:\/\/xn--zribarberandbeauty-m6b.com\/index.php\/wp-json\/wp\/v2\/product_brand?post=1441"},{"taxonomy":"product_cat","embeddable":true,"href":"https:\/\/xn--zribarberandbeauty-m6b.com\/index.php\/wp-json\/wp\/v2\/product_cat?post=1441"},{"taxonomy":"product_tag","embeddable":true,"href":"https:\/\/xn--zribarberandbeauty-m6b.com\/index.php\/wp-json\/wp\/v2\/product_tag?post=1441"}],"curies":[{"name":"wp","href":"https:\/\/api.w.org\/{rel}","templated":true}]}}