{"id":1425,"date":"2025-06-01T22:50:31","date_gmt":"2025-06-01T20:50:31","guid":{"rendered":"https:\/\/xn--zribarberandbeauty-m6b.com\/?post_type=product&#038;p=1425"},"modified":"2026-03-30T03:17:55","modified_gmt":"2026-03-30T01:17:55","slug":"hexagon-led-deckenleuchte-copy","status":"publish","type":"product","link":"https:\/\/xn--zribarberandbeauty-m6b.com\/index.php\/product\/hexagon-led-deckenleuchte-copy\/","title":{"rendered":"Bold Impact &#8211; S"},"content":{"rendered":"","protected":false},"excerpt":{"rendered":"<div>Innovative LED-Deckenbeleuchtung im modernen Wabendesign. Perfekt geeignet f\u00fcr Shops, Studios, Ausstellungsr\u00e4ume, B\u00fcros und private R\u00e4ume.<\/div>\n<ul>\n<li>Erh\u00e4ltlich in verschiedenen Gr\u00f6ssen: 4050\u202fmm bis 6000\u202fmm<\/li>\n<li>Energiesparend, langlebig und stilvoll<\/li>\n<li>Hochwertige Verarbeitung und individuelles Design auf Anfrage<\/li>\n<\/ul>\n<div>Bringe mit Hexagon LED-Leuchten Stil und Licht in jeden Raum.<\/div>\n","protected":false},"featured_media":1248,"comment_status":"open","ping_status":"closed","template":"","meta":[],"product_brand":[],"product_cat":[18],"product_tag":[],"class_list":{"0":"post-1425","1":"product","2":"type-product","3":"status-publish","4":"has-post-thumbnail","6":"product_cat-uncategorized","8":"first","9":"instock","10":"sale","11":"shipping-taxable","12":"purchasable","13":"product-type-simple"},"_links":{"self":[{"href":"https:\/\/xn--zribarberandbeauty-m6b.com\/index.php\/wp-json\/wp\/v2\/product\/1425","targetHints":{"allow":["GET"]}}],"collection":[{"href":"https:\/\/xn--zribarberandbeauty-m6b.com\/index.php\/wp-json\/wp\/v2\/product"}],"about":[{"href":"https:\/\/xn--zribarberandbeauty-m6b.com\/index.php\/wp-json\/wp\/v2\/types\/product"}],"replies":[{"embeddable":true,"href":"https:\/\/xn--zribarberandbeauty-m6b.com\/index.php\/wp-json\/wp\/v2\/comments?post=1425"}],"wp:featuredmedia":[{"embeddable":true,"href":"https:\/\/xn--zribarberandbeauty-m6b.com\/index.php\/wp-json\/wp\/v2\/media\/1248"}],"wp:attachment":[{"href":"https:\/\/xn--zribarberandbeauty-m6b.com\/index.php\/wp-json\/wp\/v2\/media?parent=1425"}],"wp:term":[{"taxonomy":"product_brand","embeddable":true,"href":"https:\/\/xn--zribarberandbeauty-m6b.com\/index.php\/wp-json\/wp\/v2\/product_brand?post=1425"},{"taxonomy":"product_cat","embeddable":true,"href":"https:\/\/xn--zribarberandbeauty-m6b.com\/index.php\/wp-json\/wp\/v2\/product_cat?post=1425"},{"taxonomy":"product_tag","embeddable":true,"href":"https:\/\/xn--zribarberandbeauty-m6b.com\/index.php\/wp-json\/wp\/v2\/product_tag?post=1425"}],"curies":[{"name":"wp","href":"https:\/\/api.w.org\/{rel}","templated":true}]}}