{"id":1295,"date":"2025-06-01T22:53:20","date_gmt":"2025-06-01T20:53:20","guid":{"rendered":"http:\/\/xn--zribarberandbeauty-m6b.com\/?post_type=product&#038;p=1295"},"modified":"2026-03-28T02:59:39","modified_gmt":"2026-03-28T01:59:39","slug":"skala","status":"publish","type":"product","link":"https:\/\/xn--zribarberandbeauty-m6b.com\/index.php\/product\/skala\/","title":{"rendered":"SKALA"},"content":{"rendered":"","protected":false},"excerpt":{"rendered":"<p>Die SKALA Expert Mais Cachos 2-in-1 Co-Wash wurde speziell entwickelt, um die Bed\u00fcrfnisse von lockigem, krausem und welligem Haar zu erf\u00fcllen. Ihre reichhaltige Formel spendet Feuchtigkeit, entwirrt das Haar und sorgt f\u00fcr nat\u00fcrlichen Glanz, Kraft und eine intensive Regeneration. Perfekt f\u00fcr alle mit lockigem oder in der Transition befindlichem Haar \u2013 diese vielseitige Pflege unterst\u00fctzt dich dabei, dein Haar gesund und definiert zu halten.<\/p>\n<p>Das Beste? Diese Formel ist frei von Sulfaten, Parabenen, Silikonen, Petrolatum und Mineral\u00f6l \u2013 f\u00fcr eine schonende und nat\u00fcrliche Haarpflege!<\/p>\n<p>Mit der SKALA Expert Mais Cachos 2-in-1 Co-Wash wird die Pflege deiner Locken einfacher als je zuvor \u2013 f\u00fcr gesundes, gl\u00e4nzendes und perfekt definiertes Haar!<\/p>\n","protected":false},"featured_media":1296,"comment_status":"open","ping_status":"closed","template":"","meta":[],"product_brand":[],"product_cat":[18],"product_tag":[],"class_list":{"0":"post-1295","1":"product","2":"type-product","3":"status-publish","4":"has-post-thumbnail","6":"product_cat-uncategorized","8":"first","9":"instock","10":"shipping-taxable","11":"purchasable","12":"product-type-simple"},"_links":{"self":[{"href":"https:\/\/xn--zribarberandbeauty-m6b.com\/index.php\/wp-json\/wp\/v2\/product\/1295","targetHints":{"allow":["GET"]}}],"collection":[{"href":"https:\/\/xn--zribarberandbeauty-m6b.com\/index.php\/wp-json\/wp\/v2\/product"}],"about":[{"href":"https:\/\/xn--zribarberandbeauty-m6b.com\/index.php\/wp-json\/wp\/v2\/types\/product"}],"replies":[{"embeddable":true,"href":"https:\/\/xn--zribarberandbeauty-m6b.com\/index.php\/wp-json\/wp\/v2\/comments?post=1295"}],"wp:featuredmedia":[{"embeddable":true,"href":"https:\/\/xn--zribarberandbeauty-m6b.com\/index.php\/wp-json\/wp\/v2\/media\/1296"}],"wp:attachment":[{"href":"https:\/\/xn--zribarberandbeauty-m6b.com\/index.php\/wp-json\/wp\/v2\/media?parent=1295"}],"wp:term":[{"taxonomy":"product_brand","embeddable":true,"href":"https:\/\/xn--zribarberandbeauty-m6b.com\/index.php\/wp-json\/wp\/v2\/product_brand?post=1295"},{"taxonomy":"product_cat","embeddable":true,"href":"https:\/\/xn--zribarberandbeauty-m6b.com\/index.php\/wp-json\/wp\/v2\/product_cat?post=1295"},{"taxonomy":"product_tag","embeddable":true,"href":"https:\/\/xn--zribarberandbeauty-m6b.com\/index.php\/wp-json\/wp\/v2\/product_tag?post=1295"}],"curies":[{"name":"wp","href":"https:\/\/api.w.org\/{rel}","templated":true}]}}