{"id":1291,"date":"2025-06-01T22:54:47","date_gmt":"2025-06-01T20:54:47","guid":{"rendered":"http:\/\/xn--zribarberandbeauty-m6b.com\/?post_type=product&#038;p=1291"},"modified":"2026-03-28T02:58:08","modified_gmt":"2026-03-28T01:58:08","slug":"cantu-creme","status":"publish","type":"product","link":"https:\/\/xn--zribarberandbeauty-m6b.com\/index.php\/product\/cantu-creme\/","title":{"rendered":"Cantu Creme"},"content":{"rendered":"","protected":false},"excerpt":{"rendered":"<p>Die Cantu Kokosnuss Locken Creme definiert und pflegt Ihre Locken f\u00fcr ein leichtes und langanhaltendes Styling-Ergebnis. Die speziell entwickelte Formel mit reiner Shea-Butter und nat\u00fcrlichen \u00d6len, wie Kokosnuss\u00f6l, spendet Feuchtigkeit und unterst\u00fctzt die nat\u00fcrliche Lockensprungkraft.<\/p>\n","protected":false},"featured_media":1292,"comment_status":"open","ping_status":"closed","template":"","meta":[],"product_brand":[],"product_cat":[18],"product_tag":[],"class_list":{"0":"post-1291","1":"product","2":"type-product","3":"status-publish","4":"has-post-thumbnail","6":"product_cat-uncategorized","8":"first","9":"instock","10":"virtual","11":"purchasable","12":"product-type-simple"},"_links":{"self":[{"href":"https:\/\/xn--zribarberandbeauty-m6b.com\/index.php\/wp-json\/wp\/v2\/product\/1291","targetHints":{"allow":["GET"]}}],"collection":[{"href":"https:\/\/xn--zribarberandbeauty-m6b.com\/index.php\/wp-json\/wp\/v2\/product"}],"about":[{"href":"https:\/\/xn--zribarberandbeauty-m6b.com\/index.php\/wp-json\/wp\/v2\/types\/product"}],"replies":[{"embeddable":true,"href":"https:\/\/xn--zribarberandbeauty-m6b.com\/index.php\/wp-json\/wp\/v2\/comments?post=1291"}],"wp:featuredmedia":[{"embeddable":true,"href":"https:\/\/xn--zribarberandbeauty-m6b.com\/index.php\/wp-json\/wp\/v2\/media\/1292"}],"wp:attachment":[{"href":"https:\/\/xn--zribarberandbeauty-m6b.com\/index.php\/wp-json\/wp\/v2\/media?parent=1291"}],"wp:term":[{"taxonomy":"product_brand","embeddable":true,"href":"https:\/\/xn--zribarberandbeauty-m6b.com\/index.php\/wp-json\/wp\/v2\/product_brand?post=1291"},{"taxonomy":"product_cat","embeddable":true,"href":"https:\/\/xn--zribarberandbeauty-m6b.com\/index.php\/wp-json\/wp\/v2\/product_cat?post=1291"},{"taxonomy":"product_tag","embeddable":true,"href":"https:\/\/xn--zribarberandbeauty-m6b.com\/index.php\/wp-json\/wp\/v2\/product_tag?post=1291"}],"curies":[{"name":"wp","href":"https:\/\/api.w.org\/{rel}","templated":true}]}}