{"id":21,"date":"2023-05-06T13:39:59","date_gmt":"2023-05-06T11:39:59","guid":{"rendered":"http:\/\/xn--zribarberandbeauty-m6b.com\/?page_id=21"},"modified":"2023-05-09T10:22:41","modified_gmt":"2023-05-09T08:22:41","slug":"services","status":"publish","type":"page","link":"https:\/\/xn--zribarberandbeauty-m6b.com\/index.php\/services\/","title":{"rendered":"Services"},"content":{"rendered":"\t\t<div data-elementor-type=\"wp-page\" data-elementor-id=\"21\" class=\"elementor elementor-21\" data-elementor-post-type=\"page\">\n\t\t\t\t\t\t<section class=\"elementor-section elementor-top-section elementor-element elementor-element-42c8dca2 elementor-section-boxed elementor-section-height-default elementor-section-height-default\" data-id=\"42c8dca2\" data-element_type=\"section\" data-e-type=\"section\" data-settings=\"{&quot;background_background&quot;:&quot;classic&quot;}\">\n\t\t\t\t\t\t<div class=\"elementor-container elementor-column-gap-default\">\n\t\t\t\t\t<div class=\"elementor-column elementor-col-100 elementor-top-column elementor-element elementor-element-67e851a\" data-id=\"67e851a\" data-element_type=\"column\" data-e-type=\"column\">\n\t\t\t<div class=\"elementor-widget-wrap elementor-element-populated\">\n\t\t\t\t\t\t<div class=\"elementor-element elementor-element-4adcae80 elementor-widget elementor-widget-heading\" data-id=\"4adcae80\" data-element_type=\"widget\" data-e-type=\"widget\" data-widget_type=\"heading.default\">\n\t\t\t\t<div class=\"elementor-widget-container\">\n\t\t\t\t\t<h1 class=\"elementor-heading-title elementor-size-default\">Services<\/h1>\t\t\t\t<\/div>\n\t\t\t\t<\/div>\n\t\t\t\t\t<\/div>\n\t\t<\/div>\n\t\t\t\t\t<\/div>\n\t\t<\/section>\n\t\t\t\t<section class=\"elementor-section elementor-top-section elementor-element elementor-element-5cf9b5d elementor-section-boxed elementor-section-height-default elementor-section-height-default\" data-id=\"5cf9b5d\" data-element_type=\"section\" data-e-type=\"section\" data-settings=\"{&quot;background_background&quot;:&quot;gradient&quot;}\">\n\t\t\t\t\t\t\t<div class=\"elementor-background-overlay\"><\/div>\n\t\t\t\t\t\t\t<div class=\"elementor-container elementor-column-gap-default\">\n\t\t\t\t\t<div class=\"elementor-column elementor-col-33 elementor-top-column elementor-element elementor-element-6190ce51\" data-id=\"6190ce51\" data-element_type=\"column\" data-e-type=\"column\">\n\t\t\t<div class=\"elementor-widget-wrap elementor-element-populated\">\n\t\t\t\t\t\t<div class=\"elementor-element elementor-element-eca62b9 ekit-equal-height-disable elementor-invisible elementor-widget elementor-widget-elementskit-icon-box\" data-id=\"eca62b9\" data-element_type=\"widget\" data-e-type=\"widget\" data-settings=\"{&quot;_animation&quot;:&quot;fadeInUp&quot;}\" data-widget_type=\"elementskit-icon-box.default\">\n\t\t\t\t<div class=\"elementor-widget-container\">\n\t\t\t\t\t<div class=\"ekit-wid-con\" >        <!-- link opening -->\n                <a href=\"#\" target=\"_blank\" rel=\"nofollow\" class=\"ekit_global_links\">\n                <!-- end link opening -->\n\n        <div class=\"elementskit-infobox text-center text- icon-top-align elementor-animation-   \">\n                            <div class=\"elementskit-box-header\">\n                <div class=\"elementskit-info-box-icon \">\n                    <img fetchpriority=\"high\" decoding=\"async\" width=\"1200\" height=\"628\" src=\"https:\/\/xn--zribarberandbeauty-m6b.com\/wp-content\/uploads\/2023\/05\/8BF50405-78DA-403C-8B66-83D9CDE6D5C7.png\" class=\"attachment- size-\" alt=\"\" srcset=\"https:\/\/xn--zribarberandbeauty-m6b.com\/wp-content\/uploads\/2023\/05\/8BF50405-78DA-403C-8B66-83D9CDE6D5C7.png 1200w, https:\/\/xn--zribarberandbeauty-m6b.com\/wp-content\/uploads\/2023\/05\/8BF50405-78DA-403C-8B66-83D9CDE6D5C7-600x314.png 600w, https:\/\/xn--zribarberandbeauty-m6b.com\/wp-content\/uploads\/2023\/05\/8BF50405-78DA-403C-8B66-83D9CDE6D5C7-300x157.png 300w, https:\/\/xn--zribarberandbeauty-m6b.com\/wp-content\/uploads\/2023\/05\/8BF50405-78DA-403C-8B66-83D9CDE6D5C7-1024x536.png 1024w, https:\/\/xn--zribarberandbeauty-m6b.com\/wp-content\/uploads\/2023\/05\/8BF50405-78DA-403C-8B66-83D9CDE6D5C7-768x402.png 768w\" sizes=\"(max-width: 1200px) 100vw, 1200px\" \/>                <\/div>\n          <\/div>\n                <div class=\"box-body\">\n                            <h6 class=\"elementskit-info-box-title\">\n                    BARBER                <\/h6>\n                        \t\t  \t<p>Ihr Haarschnitt, Unsere Leidenschaft!<\/p>\n                                <\/div>\n        \n        \n                <\/div>\n                <\/a>\n        <\/div>\t\t\t\t<\/div>\n\t\t\t\t<\/div>\n\t\t\t\t<div class=\"elementor-element elementor-element-acbee97 ekit-equal-height-disable elementor-invisible elementor-widget elementor-widget-elementskit-icon-box\" data-id=\"acbee97\" data-element_type=\"widget\" data-e-type=\"widget\" data-settings=\"{&quot;_animation&quot;:&quot;fadeInUp&quot;}\" data-widget_type=\"elementskit-icon-box.default\">\n\t\t\t\t<div class=\"elementor-widget-container\">\n\t\t\t\t\t<div class=\"ekit-wid-con\" >        <!-- link opening -->\n                <a href=\"#\" target=\"_blank\" rel=\"nofollow\" class=\"ekit_global_links\">\n                <!-- end link opening -->\n\n        <div class=\"elementskit-infobox text-center text- icon-top-align elementor-animation-   \">\n                            <div class=\"elementskit-box-header\">\n                <div class=\"elementskit-info-box-icon \">\n                    <img decoding=\"async\" width=\"1200\" height=\"628\" src=\"https:\/\/xn--zribarberandbeauty-m6b.com\/wp-content\/uploads\/2023\/05\/844C3D32-E2DE-4734-9372-FB6AA96A48AF.png\" class=\"attachment- size-\" alt=\"\" srcset=\"https:\/\/xn--zribarberandbeauty-m6b.com\/wp-content\/uploads\/2023\/05\/844C3D32-E2DE-4734-9372-FB6AA96A48AF.png 1200w, https:\/\/xn--zribarberandbeauty-m6b.com\/wp-content\/uploads\/2023\/05\/844C3D32-E2DE-4734-9372-FB6AA96A48AF-600x314.png 600w, https:\/\/xn--zribarberandbeauty-m6b.com\/wp-content\/uploads\/2023\/05\/844C3D32-E2DE-4734-9372-FB6AA96A48AF-300x157.png 300w, https:\/\/xn--zribarberandbeauty-m6b.com\/wp-content\/uploads\/2023\/05\/844C3D32-E2DE-4734-9372-FB6AA96A48AF-1024x536.png 1024w, https:\/\/xn--zribarberandbeauty-m6b.com\/wp-content\/uploads\/2023\/05\/844C3D32-E2DE-4734-9372-FB6AA96A48AF-768x402.png 768w\" sizes=\"(max-width: 1200px) 100vw, 1200px\" \/>                <\/div>\n          <\/div>\n                <div class=\"box-body\">\n                            <h6 class=\"elementskit-info-box-title\">\n                    BRAIDS                <\/h6>\n                        \t\t  \t<p>Kunstvolle Braids f\u00fcr einen einzigartigen Look!<\/p>\n                                <\/div>\n        \n        \n                <\/div>\n                <\/a>\n        <\/div>\t\t\t\t<\/div>\n\t\t\t\t<\/div>\n\t\t\t\t\t<\/div>\n\t\t<\/div>\n\t\t\t\t<div class=\"elementor-column elementor-col-33 elementor-top-column elementor-element elementor-element-19377394\" data-id=\"19377394\" data-element_type=\"column\" data-e-type=\"column\">\n\t\t\t<div class=\"elementor-widget-wrap elementor-element-populated\">\n\t\t\t\t\t\t<div class=\"elementor-element elementor-element-1ee77d72 ekit-equal-height-disable elementor-invisible elementor-widget elementor-widget-elementskit-icon-box\" data-id=\"1ee77d72\" data-element_type=\"widget\" data-e-type=\"widget\" data-settings=\"{&quot;_animation&quot;:&quot;fadeInUp&quot;}\" data-widget_type=\"elementskit-icon-box.default\">\n\t\t\t\t<div class=\"elementor-widget-container\">\n\t\t\t\t\t<div class=\"ekit-wid-con\" >        <!-- link opening -->\n                <a href=\"#\" target=\"_blank\" rel=\"nofollow\" class=\"ekit_global_links\">\n                <!-- end link opening -->\n\n        <div class=\"elementskit-infobox text-center text- icon-top-align elementor-animation-   \">\n                            <div class=\"elementskit-box-header\">\n                <div class=\"elementskit-info-box-icon \">\n                    <img decoding=\"async\" width=\"1200\" height=\"628\" src=\"https:\/\/xn--zribarberandbeauty-m6b.com\/wp-content\/uploads\/2023\/05\/8DBB42E8-6DFF-4E9C-9E61-EECDCAC6E737.png\" class=\"attachment- size-\" alt=\"\" srcset=\"https:\/\/xn--zribarberandbeauty-m6b.com\/wp-content\/uploads\/2023\/05\/8DBB42E8-6DFF-4E9C-9E61-EECDCAC6E737.png 1200w, https:\/\/xn--zribarberandbeauty-m6b.com\/wp-content\/uploads\/2023\/05\/8DBB42E8-6DFF-4E9C-9E61-EECDCAC6E737-600x314.png 600w, https:\/\/xn--zribarberandbeauty-m6b.com\/wp-content\/uploads\/2023\/05\/8DBB42E8-6DFF-4E9C-9E61-EECDCAC6E737-300x157.png 300w, https:\/\/xn--zribarberandbeauty-m6b.com\/wp-content\/uploads\/2023\/05\/8DBB42E8-6DFF-4E9C-9E61-EECDCAC6E737-1024x536.png 1024w, https:\/\/xn--zribarberandbeauty-m6b.com\/wp-content\/uploads\/2023\/05\/8DBB42E8-6DFF-4E9C-9E61-EECDCAC6E737-768x402.png 768w\" sizes=\"(max-width: 1200px) 100vw, 1200px\" \/>                <\/div>\n          <\/div>\n                <div class=\"box-body\">\n                            <h6 class=\"elementskit-info-box-title\">\n                    MANICURE                <\/h6>\n                        \t\t  \t<p>Sch\u00f6nheit beginnt bei den H\u00e4nden!<\/p>\n                                <\/div>\n        \n        \n                <\/div>\n                <\/a>\n        <\/div>\t\t\t\t<\/div>\n\t\t\t\t<\/div>\n\t\t\t\t\t<\/div>\n\t\t<\/div>\n\t\t\t\t<div class=\"elementor-column elementor-col-33 elementor-top-column elementor-element elementor-element-99a303f\" data-id=\"99a303f\" data-element_type=\"column\" data-e-type=\"column\">\n\t\t\t<div class=\"elementor-widget-wrap elementor-element-populated\">\n\t\t\t\t\t\t<div class=\"elementor-element elementor-element-3243bdfc ekit-equal-height-disable elementor-invisible elementor-widget elementor-widget-elementskit-icon-box\" data-id=\"3243bdfc\" data-element_type=\"widget\" data-e-type=\"widget\" data-settings=\"{&quot;_animation&quot;:&quot;fadeInUp&quot;}\" data-widget_type=\"elementskit-icon-box.default\">\n\t\t\t\t<div class=\"elementor-widget-container\">\n\t\t\t\t\t<div class=\"ekit-wid-con\" >        <!-- link opening -->\n                <a href=\"#\" target=\"_blank\" rel=\"nofollow\" class=\"ekit_global_links\">\n                <!-- end link opening -->\n\n        <div class=\"elementskit-infobox text-center text- icon-top-align elementor-animation-   \">\n                            <div class=\"elementskit-box-header\">\n                <div class=\"elementskit-info-box-icon \">\n                    <img loading=\"lazy\" decoding=\"async\" width=\"1200\" height=\"628\" src=\"https:\/\/xn--zribarberandbeauty-m6b.com\/wp-content\/uploads\/2023\/05\/6894912C-E8AD-4A44-BEB2-FB939C4AB45C.png\" class=\"attachment- size-\" alt=\"\" srcset=\"https:\/\/xn--zribarberandbeauty-m6b.com\/wp-content\/uploads\/2023\/05\/6894912C-E8AD-4A44-BEB2-FB939C4AB45C.png 1200w, https:\/\/xn--zribarberandbeauty-m6b.com\/wp-content\/uploads\/2023\/05\/6894912C-E8AD-4A44-BEB2-FB939C4AB45C-600x314.png 600w, https:\/\/xn--zribarberandbeauty-m6b.com\/wp-content\/uploads\/2023\/05\/6894912C-E8AD-4A44-BEB2-FB939C4AB45C-300x157.png 300w, https:\/\/xn--zribarberandbeauty-m6b.com\/wp-content\/uploads\/2023\/05\/6894912C-E8AD-4A44-BEB2-FB939C4AB45C-1024x536.png 1024w, https:\/\/xn--zribarberandbeauty-m6b.com\/wp-content\/uploads\/2023\/05\/6894912C-E8AD-4A44-BEB2-FB939C4AB45C-768x402.png 768w\" sizes=\"(max-width: 1200px) 100vw, 1200px\" \/>                <\/div>\n          <\/div>\n                <div class=\"box-body\">\n                            <h6 class=\"elementskit-info-box-title\">\n                    PEDICURE                <\/h6>\n                        \t\t  \t<p>Gepflegte F\u00fc\u00dfe - Ein Schritt in die richtige Richtung!<\/p>\n                                <\/div>\n        \n        \n                <\/div>\n                <\/a>\n        <\/div>\t\t\t\t<\/div>\n\t\t\t\t<\/div>\n\t\t\t\t\t<\/div>\n\t\t<\/div>\n\t\t\t\t\t<\/div>\n\t\t<\/section>\n\t\t\t\t<section class=\"elementor-section elementor-top-section elementor-element elementor-element-777d495a elementor-section-boxed elementor-section-height-default elementor-section-height-default elementor-invisible\" data-id=\"777d495a\" data-element_type=\"section\" data-e-type=\"section\" data-settings=\"{&quot;animation&quot;:&quot;fadeInUp&quot;}\">\n\t\t\t\t\t\t<div class=\"elementor-container elementor-column-gap-default\">\n\t\t\t\t\t<div class=\"elementor-column elementor-col-100 elementor-top-column elementor-element elementor-element-4b01f31f\" data-id=\"4b01f31f\" data-element_type=\"column\" data-e-type=\"column\">\n\t\t\t<div class=\"elementor-widget-wrap elementor-element-populated\">\n\t\t\t\t\t\t<div class=\"elementor-element elementor-element-769fe395 elementor-widget elementor-widget-heading\" data-id=\"769fe395\" data-element_type=\"widget\" data-e-type=\"widget\" data-widget_type=\"heading.default\">\n\t\t\t\t<div class=\"elementor-widget-container\">\n\t\t\t\t\t<h6 class=\"elementor-heading-title elementor-size-default\">F\u00dcR EUCH<\/h6>\t\t\t\t<\/div>\n\t\t\t\t<\/div>\n\t\t\t\t<div class=\"elementor-element elementor-element-148d4d57 elementor-widget elementor-widget-heading\" data-id=\"148d4d57\" data-element_type=\"widget\" data-e-type=\"widget\" data-widget_type=\"heading.default\">\n\t\t\t\t<div class=\"elementor-widget-container\">\n\t\t\t\t\t<h2 class=\"elementor-heading-title elementor-size-default\">UNSERE BELIEBTESTEN DIENSTLEISTUNGEN<\/h2>\t\t\t\t<\/div>\n\t\t\t\t<\/div>\n\t\t\t\t\t<\/div>\n\t\t<\/div>\n\t\t\t\t\t<\/div>\n\t\t<\/section>\n\t\t\t\t<section class=\"elementor-section elementor-top-section elementor-element elementor-element-4164a508 elementor-section-boxed elementor-section-height-default elementor-section-height-default\" data-id=\"4164a508\" data-element_type=\"section\" data-e-type=\"section\">\n\t\t\t\t\t\t<div class=\"elementor-container elementor-column-gap-default\">\n\t\t\t\t\t<div class=\"elementor-column elementor-col-100 elementor-top-column elementor-element elementor-element-1d19db74\" data-id=\"1d19db74\" data-element_type=\"column\" data-e-type=\"column\">\n\t\t\t<div class=\"elementor-widget-wrap elementor-element-populated\">\n\t\t\t\t\t\t<div class=\"elementor-element elementor-element-65abfbe3 elementor-widget elementor-widget-spacer\" data-id=\"65abfbe3\" data-element_type=\"widget\" data-e-type=\"widget\" data-widget_type=\"spacer.default\">\n\t\t\t\t<div class=\"elementor-widget-container\">\n\t\t\t\t\t\t\t<div class=\"elementor-spacer\">\n\t\t\t<div class=\"elementor-spacer-inner\"><\/div>\n\t\t<\/div>\n\t\t\t\t\t\t<\/div>\n\t\t\t\t<\/div>\n\t\t\t\t\t<\/div>\n\t\t<\/div>\n\t\t\t\t\t<\/div>\n\t\t<\/section>\n\t\t\t\t<section class=\"elementor-section elementor-top-section elementor-element elementor-element-44627b4d elementor-section-boxed elementor-section-height-default elementor-section-height-default elementor-invisible\" data-id=\"44627b4d\" data-element_type=\"section\" data-e-type=\"section\" data-settings=\"{&quot;background_background&quot;:&quot;classic&quot;,&quot;animation&quot;:&quot;fadeInUp&quot;,&quot;animation_delay&quot;:500}\">\n\t\t\t\t\t\t<div class=\"elementor-container elementor-column-gap-default\">\n\t\t\t\t\t<div class=\"elementor-column elementor-col-33 elementor-top-column elementor-element elementor-element-7e4937ce\" data-id=\"7e4937ce\" data-element_type=\"column\" data-e-type=\"column\">\n\t\t\t<div class=\"elementor-widget-wrap elementor-element-populated\">\n\t\t\t\t\t\t<div class=\"elementor-element elementor-element-6839b547 elementor-widget elementor-widget-e_image_hover_effects\" data-id=\"6839b547\" data-element_type=\"widget\" data-e-type=\"widget\" data-widget_type=\"e_image_hover_effects.default\">\n\t\t\t\t<div class=\"elementor-widget-container\">\n\t\t\t\t\t\t\t\t<div class=\"eihe-box eihe-hinge-up eihe_center\">\n\t\t\t\t<img loading=\"lazy\" decoding=\"async\" width=\"1140\" height=\"760\" src=\"https:\/\/xn--zribarberandbeauty-m6b.com\/wp-content\/uploads\/2023\/05\/29CEE1DF-BC87-46F7-89E3-8D9188078178.jpeg\" class=\"attachment-full size-full wp-image-740\" alt=\"\" srcset=\"https:\/\/xn--zribarberandbeauty-m6b.com\/wp-content\/uploads\/2023\/05\/29CEE1DF-BC87-46F7-89E3-8D9188078178.jpeg 1140w, https:\/\/xn--zribarberandbeauty-m6b.com\/wp-content\/uploads\/2023\/05\/29CEE1DF-BC87-46F7-89E3-8D9188078178-600x400.jpeg 600w, https:\/\/xn--zribarberandbeauty-m6b.com\/wp-content\/uploads\/2023\/05\/29CEE1DF-BC87-46F7-89E3-8D9188078178-300x200.jpeg 300w, https:\/\/xn--zribarberandbeauty-m6b.com\/wp-content\/uploads\/2023\/05\/29CEE1DF-BC87-46F7-89E3-8D9188078178-1024x683.jpeg 1024w, https:\/\/xn--zribarberandbeauty-m6b.com\/wp-content\/uploads\/2023\/05\/29CEE1DF-BC87-46F7-89E3-8D9188078178-768x512.jpeg 768w\" sizes=\"(max-width: 1140px) 100vw, 1140px\" \/>\t\t\t\t<div class=\"eihe-caption\">\n\t\t\t\t\t<div class=\"eihe-title-cover\">\n\t\t\t\t\t\t\t\t\t\t\t\t<h3 class=\"eihe-title\">BARBER <\/h3>\n\t\t\t\t\t\t\t\t\t\t\t<\/div>\n\t\t\t\t\t<p>Wir freuen uns auf dich!<\/p>\n\t\t\t\t<\/div>\n\t\t\t<\/div>\n\t\t\t\t\t\t<\/div>\n\t\t\t\t<\/div>\n\t\t\t\t\t<\/div>\n\t\t<\/div>\n\t\t\t\t<div class=\"elementor-column elementor-col-33 elementor-top-column elementor-element elementor-element-699c8b50\" data-id=\"699c8b50\" data-element_type=\"column\" data-e-type=\"column\">\n\t\t\t<div class=\"elementor-widget-wrap elementor-element-populated\">\n\t\t\t\t\t\t<div class=\"elementor-element elementor-element-67376b46 elementor-widget elementor-widget-e_image_hover_effects\" data-id=\"67376b46\" data-element_type=\"widget\" data-e-type=\"widget\" data-widget_type=\"e_image_hover_effects.default\">\n\t\t\t\t<div class=\"elementor-widget-container\">\n\t\t\t\t\t\t\t\t<div class=\"eihe-box eihe-push-down eihe_center\">\n\t\t\t\t<img loading=\"lazy\" decoding=\"async\" width=\"657\" height=\"438\" src=\"https:\/\/xn--zribarberandbeauty-m6b.com\/wp-content\/uploads\/2023\/05\/DFF41412-1C7E-4A75-9192-3918F50C46D4.jpeg\" class=\"attachment-full size-full wp-image-741\" alt=\"\" srcset=\"https:\/\/xn--zribarberandbeauty-m6b.com\/wp-content\/uploads\/2023\/05\/DFF41412-1C7E-4A75-9192-3918F50C46D4.jpeg 657w, https:\/\/xn--zribarberandbeauty-m6b.com\/wp-content\/uploads\/2023\/05\/DFF41412-1C7E-4A75-9192-3918F50C46D4-600x400.jpeg 600w, https:\/\/xn--zribarberandbeauty-m6b.com\/wp-content\/uploads\/2023\/05\/DFF41412-1C7E-4A75-9192-3918F50C46D4-300x200.jpeg 300w\" sizes=\"(max-width: 657px) 100vw, 657px\" \/>\t\t\t\t<div class=\"eihe-caption\">\n\t\t\t\t\t<div class=\"eihe-title-cover\">\n\t\t\t\t\t\t\t\t\t\t\t\t<h3 class=\"eihe-title\">BRAIDS<\/h3>\n\t\t\t\t\t\t\t\t\t\t\t<\/div>\n\t\t\t\t\t<p>Wir freuen uns auf dich!<\/p>\n\t\t\t\t<\/div>\n\t\t\t<\/div>\n\t\t\t\t\t\t<\/div>\n\t\t\t\t<\/div>\n\t\t\t\t\t<\/div>\n\t\t<\/div>\n\t\t\t\t<div class=\"elementor-column elementor-col-33 elementor-top-column elementor-element elementor-element-118bce8f\" data-id=\"118bce8f\" data-element_type=\"column\" data-e-type=\"column\">\n\t\t\t<div class=\"elementor-widget-wrap elementor-element-populated\">\n\t\t\t\t\t\t<div class=\"elementor-element elementor-element-44b9ec9c elementor-widget elementor-widget-e_image_hover_effects\" data-id=\"44b9ec9c\" data-element_type=\"widget\" data-e-type=\"widget\" data-widget_type=\"e_image_hover_effects.default\">\n\t\t\t\t<div class=\"elementor-widget-container\">\n\t\t\t\t\t\t\t\t<div class=\"eihe-box eihe-slide-up eihe_center\">\n\t\t\t\t<img loading=\"lazy\" decoding=\"async\" width=\"443\" height=\"295\" src=\"https:\/\/xn--zribarberandbeauty-m6b.com\/wp-content\/uploads\/2023\/05\/FB507D22-A0C5-4ECA-AAFC-E492436C339F.jpeg\" class=\"attachment-full size-full wp-image-747\" alt=\"\" srcset=\"https:\/\/xn--zribarberandbeauty-m6b.com\/wp-content\/uploads\/2023\/05\/FB507D22-A0C5-4ECA-AAFC-E492436C339F.jpeg 443w, https:\/\/xn--zribarberandbeauty-m6b.com\/wp-content\/uploads\/2023\/05\/FB507D22-A0C5-4ECA-AAFC-E492436C339F-300x200.jpeg 300w\" sizes=\"(max-width: 443px) 100vw, 443px\" \/>\t\t\t\t<div class=\"eihe-caption\">\n\t\t\t\t\t<div class=\"eihe-title-cover\">\n\t\t\t\t\t\t\t\t\t\t\t\t<h3 class=\"eihe-title\">PEDICURE<\/h3>\n\t\t\t\t\t\t\t\t\t\t\t<\/div>\n\t\t\t\t\t<p>WIR FREUEN UNS AUF DICH!<\/p>\n\t\t\t\t<\/div>\n\t\t\t<\/div>\n\t\t\t\t\t\t<\/div>\n\t\t\t\t<\/div>\n\t\t\t\t\t<\/div>\n\t\t<\/div>\n\t\t\t\t\t<\/div>\n\t\t<\/section>\n\t\t\t\t<\/div>\n\t\t","protected":false},"excerpt":{"rendered":"<p>Services BARBER Ihr Haarschnitt, Unsere Leidenschaft! BRAIDS Kunstvolle Braids f\u00fcr einen einzigartigen Look! MANICURE Sch\u00f6nheit beginnt bei den H\u00e4nden! PEDICURE Gepflegte F\u00fc\u00dfe &#8211; Ein Schritt in die richtige Richtung! F\u00dcR EUCH UNSERE BELIEBTESTEN DIENSTLEISTUNGEN BARBER Wir freuen uns auf dich! BRAIDS Wir freuen uns auf dich! PEDICURE WIR FREUEN UNS AUF DICH!<\/p>\n","protected":false},"author":1,"featured_media":0,"parent":0,"menu_order":0,"comment_status":"closed","ping_status":"closed","template":"","meta":{"footnotes":""},"class_list":["post-21","page","type-page","status-publish","hentry"],"_links":{"self":[{"href":"https:\/\/xn--zribarberandbeauty-m6b.com\/index.php\/wp-json\/wp\/v2\/pages\/21","targetHints":{"allow":["GET"]}}],"collection":[{"href":"https:\/\/xn--zribarberandbeauty-m6b.com\/index.php\/wp-json\/wp\/v2\/pages"}],"about":[{"href":"https:\/\/xn--zribarberandbeauty-m6b.com\/index.php\/wp-json\/wp\/v2\/types\/page"}],"author":[{"embeddable":true,"href":"https:\/\/xn--zribarberandbeauty-m6b.com\/index.php\/wp-json\/wp\/v2\/users\/1"}],"replies":[{"embeddable":true,"href":"https:\/\/xn--zribarberandbeauty-m6b.com\/index.php\/wp-json\/wp\/v2\/comments?post=21"}],"version-history":[{"count":25,"href":"https:\/\/xn--zribarberandbeauty-m6b.com\/index.php\/wp-json\/wp\/v2\/pages\/21\/revisions"}],"predecessor-version":[{"id":864,"href":"https:\/\/xn--zribarberandbeauty-m6b.com\/index.php\/wp-json\/wp\/v2\/pages\/21\/revisions\/864"}],"wp:attachment":[{"href":"https:\/\/xn--zribarberandbeauty-m6b.com\/index.php\/wp-json\/wp\/v2\/media?parent=21"}],"curies":[{"name":"wp","href":"https:\/\/api.w.org\/{rel}","templated":true}]}}